{"id":12,"date":"2023-07-20T09:29:00","date_gmt":"2023-07-20T14:29:00","guid":{"rendered":"https:\/\/gaviaspreview.com\/wp\/lestin\/?page_id=12"},"modified":"2025-04-19T15:06:56","modified_gmt":"2025-04-19T20:06:56","slug":"refund_returns","status":"publish","type":"page","link":"https:\/\/www.rutadelsabor.com\/site\/refund_returns\/","title":{"rendered":"T\u00e9rminos de Uso"},"content":{"rendered":"\t\t<div data-elementor-type=\"wp-page\" data-elementor-id=\"12\" class=\"elementor elementor-12\">\n\t\t\t\t\t\t<section class=\"elementor-section elementor-top-section elementor-element elementor-element-6fab6740 elementor-section-boxed elementor-section-height-default elementor-section-height-default\" data-id=\"6fab6740\" data-element_type=\"section\">\n\t\t\t\t\t\t<div class=\"elementor-container elementor-column-gap-default\">\n\t\t\t\t\t<div class=\"elementor-column elementor-col-100 elementor-top-column elementor-element elementor-element-1312a27f\" data-id=\"1312a27f\" data-element_type=\"column\">\n\t\t\t<div class=\"elementor-widget-wrap elementor-element-populated\">\n\t\t\t\t\t\t<div class=\"elementor-element elementor-element-e90dc38 elementor-widget elementor-widget-text-editor\" data-id=\"e90dc38\" data-element_type=\"widget\" data-widget_type=\"text-editor.default\">\n\t\t\t\t<div class=\"elementor-widget-container\">\n\t\t\t\t\t\t\t\t\t\n<p>Bienvenido a\u00a0<strong>Rutadelsabor<\/strong>. Al utilizar nuestro sitio web, aceptas los siguientes t\u00e9rminos y condiciones:<\/p>\n<ol>\n<li>\n<p><strong>Uso del Sitio Web<\/strong>: Este sitio web es solo para fines informativos. La informaci\u00f3n proporcionada es para ayudarte a encontrar restaurantes y\/o sus negocios. No garantizamos la exactitud, integridad ni disponibilidad de la informaci\u00f3n.<\/p>\n<\/li>\n<li>\n<p><strong>Publicaci\u00f3n de Informaci\u00f3n<\/strong>: La publicaci\u00f3n de la informaci\u00f3n de los restaurantes y la publicidad de terceros est\u00e1n sujetas a un pago mensual. Los datos proporcionados para la publicaci\u00f3n deben ser precisos y actualizados.<\/p>\n<\/li>\n<li>\n<p><strong>Responsabilidad<\/strong>:\u00a0<strong>Rutadelsabor<\/strong> no es responsable de la calidad, precisi\u00f3n o adecuaci\u00f3n de los servicios proporcionados por los restaurantes listados en nuestro sitio. No asumimos ninguna responsabilidad por las acciones o servicios prestados por dichos restaurantes.<\/p>\n<\/li>\n<li>\n<p><strong>Modificaciones<\/strong>: Nos reservamos el derecho de modificar o actualizar estos t\u00e9rminos en cualquier momento. Cualquier cambio ser\u00e1 publicado en nuestro sitio web, y tu uso continuado del sitio implica tu aceptaci\u00f3n de los t\u00e9rminos modificados.<\/p>\n<\/li>\n<li>\n<p><strong>Propiedad Intelectual<\/strong>: Todo el contenido del sitio web, incluidos textos, gr\u00e1ficos y logotipos, es propiedad de\u00a0<strong>Rutadelsabor<\/strong>\u00a0o de sus respectivos propietarios. No se permite la reproducci\u00f3n o distribuci\u00f3n sin nuestra autorizaci\u00f3n expresa.<\/p>\n<\/li>\n<\/ol>\n\t\t\t\t\t\t\t\t<\/div>\n\t\t\t\t<\/div>\n\t\t\t\t\t<\/div>\n\t\t<\/div>\n\t\t\t\t\t<\/div>\n\t\t<\/section>\n\t\t\t\t<\/div>\n\t\t","protected":false},"excerpt":{"rendered":"<p>Bienvenido a\u00a0Rutadelsabor. Al utilizar nuestro sitio web, aceptas los siguientes t\u00e9rminos y condiciones: Uso del Sitio Web: Este sitio web es solo para fines informativos. La informaci\u00f3n proporcionada es para [&hellip;]<\/p>\n","protected":false},"author":1,"featured_media":0,"parent":0,"menu_order":0,"comment_status":"closed","ping_status":"closed","template":"","meta":{"footnotes":""},"class_list":["post-12","page","type-page","status-publish","hentry"],"_links":{"self":[{"href":"https:\/\/www.rutadelsabor.com\/site\/wp-json\/wp\/v2\/pages\/12","targetHints":{"allow":["GET"]}}],"collection":[{"href":"https:\/\/www.rutadelsabor.com\/site\/wp-json\/wp\/v2\/pages"}],"about":[{"href":"https:\/\/www.rutadelsabor.com\/site\/wp-json\/wp\/v2\/types\/page"}],"author":[{"embeddable":true,"href":"https:\/\/www.rutadelsabor.com\/site\/wp-json\/wp\/v2\/users\/1"}],"replies":[{"embeddable":true,"href":"https:\/\/www.rutadelsabor.com\/site\/wp-json\/wp\/v2\/comments?post=12"}],"version-history":[{"count":13,"href":"https:\/\/www.rutadelsabor.com\/site\/wp-json\/wp\/v2\/pages\/12\/revisions"}],"predecessor-version":[{"id":1494,"href":"https:\/\/www.rutadelsabor.com\/site\/wp-json\/wp\/v2\/pages\/12\/revisions\/1494"}],"wp:attachment":[{"href":"https:\/\/www.rutadelsabor.com\/site\/wp-json\/wp\/v2\/media?parent=12"}],"curies":[{"name":"wp","href":"https:\/\/api.w.org\/{rel}","templated":true}]}}